{"id":7,"date":"2025-01-25T17:21:05","date_gmt":"2025-01-25T16:21:05","guid":{"rendered":"https:\/\/calamac.reiseblitz.com\/?page_id=7"},"modified":"2025-05-04T22:45:31","modified_gmt":"2025-05-04T20:45:31","slug":"startseite","status":"publish","type":"page","link":"https:\/\/calamac.reiseblitz.com\/","title":{"rendered":"Startseite"},"content":{"rendered":"<div class=\"gb-container gb-container-6d3738ae\">\n<div class=\"gb-container gb-container-b0ccd510\">\n\n<h2 class=\"gb-headline gb-headline-10ef45b2 gb-headline-text\" id=\"ablauf\">Ablauf<\/h2>\n\n\n\n<p>Damit Ihr Euch und Euren Mageninhalt auf den Tag vorbereiten k\u00f6nnt, hier ein grober Plan:<br><br>Bis 14:00 Uhr | Individuelle Anreise zur Location<br>14:30 Uhr | Freie Trauung<br>15:00 Uhr | Empfang mit s\u00fc\u00dfen und deftigen H\u00e4ppchen<br>19:00 Uhr | Abendessen<br>21:00 Uhr | Party!<br>01:00 Uhr | Individuelle Abreise (vielleicht auch 02:00 Uhr, wir haben uns noch nicht final entschieden \ud83d\ude0a)<br><br>Zur An- und Abreise schaut Euch gerne unter dem Men\u00fcpunkt &#8222;Anfahrt&#8220; um. \ud83d\ude42<\/p>\n\n\n\n<p>Und bitte kommt gerne so, wie Ihr Euch am wohlsten f\u00fchlt! <\/p>\n\n<\/div>\n<\/div>\n\n<div class=\"gb-container gb-container-b660403d\">\n<div class=\"gb-container gb-container-562f4e44\">\n<div class=\"gb-container gb-container-663dfc93\">\n\n<h2 class=\"gb-headline gb-headline-6f65baa3 gb-headline-text\" id=\"rueckmeldung\">R\u00fcckmeldung<\/h2>\n\n\n\n<p>Vielen Dank f\u00fcr all Eure R\u00fcckmeldungen! Wir freuen uns sehr auf Euch! \ud83d\ude42<\/p>\n\n<\/div>\n<\/div>\n<\/div>\n\n<div class=\"gb-container gb-container-f870124c\">\n<div class=\"gb-container gb-container-4135bf0d\">\n\n<h2 class=\"gb-headline gb-headline-4d8d227d gb-headline-text\" id=\"einlagen\">Einlagen<\/h2>\n\n\n\n<p>Wir freuen uns, wenn Ihr Eurer Kreativit\u00e4t freien Lauf lasst und Euch k\u00fcnstlerisch, musikalisch oder in Form von Spielen am Programm beteiligen wollt. <br>Damit wir planen k\u00f6nnen, bitten wir Euch, Eure Einlagen mit unseren Trauzeug:innen abzusprechen. Eva und Simon k\u00fcmmern sich um einen sch\u00f6nen Tagesablauf. <\/p>\n\n\n\n<p>Bitte gebt Eva oder\/und Simon bis zum 01.04.2025 Bescheid, falls Ihr etwas beitragen m\u00f6chtet. Details reichen dann auch sp\u00e4ter.<br><br><strong>Eva:<\/strong> 0176 20\u200914\u200907\u200922 | <a href=\"mailto:eva.laukmanis@web.de\">eva.laukmanis@web.de<\/a><br><strong>Simon:<\/strong> 0172 31\u200969\u2009810 | <a href=\"mailto:simon.jungtaeubl@web.de\">simon.jungtaeubl@web.de<\/a> (Simon ist am besten \u00fcber WhatsApp zu erreichen)<\/p>\n\n<\/div>\n<\/div>\n\n<div class=\"gb-container gb-container-ee562184\">\n<div class=\"gb-container gb-container-1f073388\">\n\n<h2 class=\"gb-headline gb-headline-6ac179be gb-headline-text\" id=\"geschenke\">Geschenke<\/h2>\n\n\n\n<p>Bitte sorgt Euch nicht um unseren Haushalt (wir k\u00f6nnten zwei Wohnungen damit f\u00fcllen und haben es in der Vergangenheit bereits getan). Wir freuen uns \u00fcber Euch als G\u00e4st:innen und optional \u00fcber einen Zuschuss zu unserer Japanreise im Anschluss an die Hochzeit und der langen Liste an Dingen, die wir dort erleben wollen. <br><br>So k\u00f6nnen wir Godzilla zum Ramen-Essen in Tokyo einladen, mit dem Shinkansen nach Osaka d\u00fcsen, die zahlreichen Tempel in Kyoto besichtigen und uns in Nara vor heiligen Rehen verbeugen. <br>Bitte keine Reisef\u00fchrer, wir sind ausgestattet. \ud83d\ude42<br><br>Wir danken Euch schon jetzt f\u00fcr jede Art der Unterst\u00fctzung &#8211; ob beim Feiern oder beim Reisen &#8211; und freuen uns darauf, Euch von unseren Abenteuern in Japan zu berichten! <br>(@Flops: da stehen eh noch einige Diashows aus.)<\/p>\n\n<\/div>\n<\/div>\n\n<div class=\"gb-container gb-container-bb81d839\">\n<div class=\"gb-container gb-container-56645b42\">\n\n<h2 class=\"gb-headline gb-headline-dd472d7e gb-headline-text\" id=\"unterkunft\">Unterkunft<\/h2>\n\n\n\n<p>Da wir nicht allzu viele G\u00e4ste erwarten, die eine weite Anreise haben (und noch nicht versorgt sind), haben wir keine Unterkunftsvorschl\u00e4ge f\u00fcr Euch herausgesucht oder Kontingente gesichert. <br>Auf der Anreise-Seite findet Ihr den genauen Standort der Location. Solltet Ihr selbst nach einer Unterkunft suchen, empfiehlt es sich, ein Hotel entlang der Stra\u00dfenbahnlinie 6, die in der N\u00e4he der Location h\u00e4lt und auch durch das Augsburger Zentrum f\u00e4hrt, zu buchen.<br>Wenn Ihr Tipps zum Standort braucht oder wollt, dass wir etwas mit einer Unterkunft abkl\u00e4ren, gebt das Bitte im Kontaktformular an, wir melden uns bei Euch. \ud83d\ude42<br><br>Wer selbst bucht, kann gerne den folgenden Link bei Booking benutzen. Der bringt Euch zwar keinen Rabatt, aber der edle Spender dieser Website erh\u00e4lt dadurch eine kleine Belohnung. <br><a href=\"https:\/\/www.booking.com\/index.html?aid=1877588\">https:\/\/www.booking.com\/index.html?aid=1877588<\/a><br><br>F\u00fcr Inspirationen zum Ziel Eurer n\u00e4chsten Hotelbuchung lohnt sich au\u00dferdem auch ein Blick auf die &#8222;originale&#8220; Website vom Reiseblitz, auf die wir unseren Hochzeitsableger gesetzt haben: <a href=\"https:\/\/www.reiseblitz.com\/\">https:\/\/www.reiseblitz.com\/<\/a><\/p>\n\n\n\n<p>Danke Wolfgang \ud83d\ude42<\/p>\n\n<\/div>\n<\/div>\n\n<div class=\"gb-container gb-container-4493001c\">\n<div class=\"gb-container gb-container-7511bebe\">\n\n<h2 class=\"gb-headline gb-headline-540ee07c gb-headline-text\" id=\"anfahrt\">Anfahrt<\/h2>\n\n\n\n<p>Wir feiern an der Kanustrecke in Augsburg, Schauplatz der Olympischen Spiele 1972 und der Kanu-WM 2022.<\/p>\n\n\n\n<p><strong>Adresse der Location:<br><\/strong>Am Eiskanal 30<br>86163 Augsburg<br><br>Wir empfehlen, \u00f6ffentlich anzureisen, da die Location gut an den Augsburger Nahverkehr angebunden ist.<\/p>\n\n\n\n<p><strong>Anfahrt mit dem \u00d6PNV:<br><\/strong>Stra\u00dfenbahnlinie 6, Haltestelle &#8222;Afrabr\u00fccke&#8220; (k\u00fcrzester Fu\u00dfweg) oder Haltestelle &#8222;Am Eiskanal&#8220; (ein paar Meter weiter zu laufen).<br>Ab den Haltestellen sind es noch ca. 10 Minuten zu Fu\u00df zur Location, eine Karte f\u00fcr den Weg findet Ihr unten. <br>Nach dem Ausstieg an der Afrabr\u00fccke lauft Ihr stadteinw\u00e4rts und biegt in die erste Stra\u00dfe links ein. Folgt der Stra\u00dfe, vorbei am Kegelzentrum Augsburg, bis Ihr die (begr\u00fcnten) Stufen an der Kanustrecke seht. Im gl\u00e4sernen Geb\u00e4ude feiern wir.<br>Rein kommt Ihr \u00fcber die Terrasse, dazu m\u00fcsst Ihr um das Geb\u00e4ude herum und die Treppen rauf laufen.<\/p>\n\n\n\n<p><strong>Anfahrt mit dem Zug:<br><\/strong>Wer mit der Regiobahn kommt, kann \u00fcber den Bahnhof Augsburg-Hochzoll anreisen. Von dort aus sind es noch ca. 20 Minuten zu Fu\u00df oder eine Haltestelle mit der Tram zur Afrabr\u00fccke + Gehweg, s.o.<br>Wer mit dem Fernzug kommt, kann am Augsburger Hbf entweder einen Regionalzug nach Augsburg-Hochzoll nehmen oder mit der Stra\u00dfenbahnlinie 6 Richtung Friedberg direkt bis zur Haltestelle Afrabr\u00fccke fahren. <br>Der Transrapid ist leider aktuell noch nicht verf\u00fcgbar.<\/p>\n\n\n\n<p><strong>Anfahrt mit dem PKW:<br><\/strong>Vor Ort gibt es einige Parkpl\u00e4tze. Bitte achtet darauf, dass Ihr nicht versehentlich beim Kegelzentrum landet. Die Location ist ganz am Ende der Stra\u00dfe, kurz vor dem Geb\u00e4ude befindet sich der Parkplatz. <br>Wenn Ihr \u00fcber die A8 kommt, ist die Ausfahrt Friedberg am besten geeignet.<\/p>\n\n\n\n<p><strong>Nach Hause mit dem \u00d6PNV:<br><\/strong>Die Stra\u00dfenbahnen fahren samstags ab 19:00 Uhr bis ca. 00:00 Uhr im 15-Minuten Takt.<br>Danach fahren st\u00fcndlich Nachtbusse. Stadteinw\u00e4rts ca. 00:45 Uhr, 01:45 Uhr, &#8230; stadtausw\u00e4rts ca. 00:10 Uhr, 01:10 Uhr, &#8230;<br>Der Augsburger \u00d6PNV ist inzwischen auch gut \u00fcber Google abrufbar. Solltet Ihr Fragen haben, sprecht uns bitte an.<\/p>\n\n\n\n<p><strong>Kosten f\u00fcr den \u00d6PNV:<br><\/strong>Solltet Ihr nur vier Haltestellen bis zur Afrabr\u00fccke fahren, braucht Ihr nur ein Kurzstrecken-Ticket. F\u00fcr alles andere, auch den Nachtbus, ben\u00f6tigt Ihr die Zone 2 oder zwei Streifen auf der Streifenkarte. <\/p>\n\n\n\n<p>Kurzstrecke: 2,00 \u20ac<br>Einzelticket 2 Zonen: 4,00 \u20ac<\/p>\n\n<\/div>\n\n<div class=\"gb-container gb-container-71740a72\">\n<div class=\"gb-container gb-container-d59f29d5\">\n<div class=\"gb-container gb-container-7fa34b90\">\n\n<style>.embed-container { position: relative; padding-bottom: 56.25%; height: 0; overflow: hidden; max-width: 100%; } .embed-container iframe, .embed-container object, .embed-container embed { position: absolute; top: 0; left: 0; width: 100%; height: 100%; }<\/style><div class='embed-container'><iframe src='https:\/\/www.google.com\/maps\/embed?pb=!1m27!1m12!1m3!1d3749.6633717421832!2d10.934305873959415!3d48.35259875954126!2m3!1f0!2f0!3f0!3m2!1i1024!2i768!4f13.1!4m12!3e3!4m4!1s0x479e9826160b816f%3A0xd3962a0627dcb585!3m2!1d48.3551!2d10.9381!4m5!1s0x479e982544b27845%3A0x92f374f9a2f0f239!2sAm%20Eiskanal%2030%2C%2086161%20Augsburg!3m2!1d48.3499141!2d10.9364636!5e0!3m2!1sde!2sde!4v1737826396844!5m2!1sde!2sde' width='600' height='450' style='border:0;' allowfullscreen='' loading='lazy' referrerpolicy='no-referrer-when-downgrade'><\/iframe><\/div>\n\n<\/div>\n<\/div>\n<\/div>\n<\/div>\n\n<div class=\"gb-container gb-container-f4dc5278\">\n<div class=\"gb-container gb-container-41377729\">\n<div class=\"gb-container gb-container-531d89ed\">\n\n<h2 class=\"gb-headline gb-headline-e8dbba74 gb-headline-text\" id=\"kontakt\">Kontakt<\/h2>\n\n\n\n<p>Solltet Ihr noch weitere Fragen, W\u00fcnsche oder Anregungen haben, meldet Euch gerne bei uns direkt: <br><br><strong>Clara:<\/strong> 0176 62 35 48 11 | <a href=\"mailto:clara.moeller@web.de\">clara.moeller@web.de<\/a><br><strong>Marc:<\/strong> 0162 42 64 502 | <a href=\"mailto:m.jungtaeubl@t-online.de\">m.jungtaeubl@t-online.de<\/a><br><br>Stadtberger Stra\u00dfe 41<br>86157 Augsburg<br><br>F\u00fcr geheime Anfragen k\u00f6nnt Ihr Euch auch an unsere \u00fcbersichtliche Auswahl an Trauzeug:innen wenden:<\/p>\n\n\n\n<figure class=\"wp-block-table aligncenter is-style-stripes\"><table><tbody><tr><td><strong>Eva Laukmanis<\/strong><\/td><td>0176 20 14 07 22<\/td><\/tr><tr><td><strong>Simon Jungt\u00e4ubl<\/strong><\/td><td>0172 31 69 81 0<\/td><\/tr><tr><td><strong>Anna Hallensleben<\/strong><\/td><td>0151 41 94 13 85<\/td><\/tr><tr><td><strong>Stefan Hackel<\/strong><\/td><td>0177 85 66 51 2<\/td><\/tr><tr><td><strong>Katharina Czitsch<\/strong><\/td><td>0176 63 36 35 67<\/td><\/tr><tr><td><strong>Adam Yamani<\/strong><\/td><td>0176 20 69 93 58<\/td><\/tr><\/tbody><\/table><\/figure>\n\n<\/div>\n<\/div>\n<\/div>","protected":false},"excerpt":{"rendered":"<p>Ablauf Damit Ihr Euch und Euren Mageninhalt auf den Tag vorbereiten k\u00f6nnt, hier ein grober Plan: Bis 14:00 Uhr | Individuelle Anreise zur Location14:30 Uhr | Freie Trauung15:00 Uhr | Empfang mit s\u00fc\u00dfen und deftigen H\u00e4ppchen19:00 Uhr | Abendessen21:00 Uhr | Party!01:00 Uhr | Individuelle Abreise (vielleicht auch 02:00 Uhr, wir haben uns noch nicht &#8230; <a title=\"Startseite\" class=\"read-more\" href=\"https:\/\/calamac.reiseblitz.com\/\" aria-label=\"Mehr Informationen \u00fcber Startseite\">Weiterlesen<\/a><\/p>\n","protected":false},"author":1,"featured_media":0,"parent":0,"menu_order":0,"comment_status":"closed","ping_status":"closed","template":"","meta":{"footnotes":""},"class_list":["post-7","page","type-page","status-publish"],"_links":{"self":[{"href":"https:\/\/calamac.reiseblitz.com\/index.php?rest_route=\/wp\/v2\/pages\/7","targetHints":{"allow":["GET"]}}],"collection":[{"href":"https:\/\/calamac.reiseblitz.com\/index.php?rest_route=\/wp\/v2\/pages"}],"about":[{"href":"https:\/\/calamac.reiseblitz.com\/index.php?rest_route=\/wp\/v2\/types\/page"}],"author":[{"embeddable":true,"href":"https:\/\/calamac.reiseblitz.com\/index.php?rest_route=\/wp\/v2\/users\/1"}],"replies":[{"embeddable":true,"href":"https:\/\/calamac.reiseblitz.com\/index.php?rest_route=%2Fwp%2Fv2%2Fcomments&post=7"}],"version-history":[{"count":9,"href":"https:\/\/calamac.reiseblitz.com\/index.php?rest_route=\/wp\/v2\/pages\/7\/revisions"}],"predecessor-version":[{"id":415,"href":"https:\/\/calamac.reiseblitz.com\/index.php?rest_route=\/wp\/v2\/pages\/7\/revisions\/415"}],"wp:attachment":[{"href":"https:\/\/calamac.reiseblitz.com\/index.php?rest_route=%2Fwp%2Fv2%2Fmedia&parent=7"}],"curies":[{"name":"wp","href":"https:\/\/api.w.org\/{rel}","templated":true}]}}